{"id":817,"date":"2018-12-19T21:57:23","date_gmt":"2018-12-19T21:57:23","guid":{"rendered":"http:\/\/lafonddesjardins.com\/page-d-exemple\/"},"modified":"2026-03-31T16:40:57","modified_gmt":"2026-03-31T20:40:57","slug":"home","status":"publish","type":"page","link":"https:\/\/www.lafonddesjardins.com\/en","title":{"rendered":"Home"},"content":{"rendered":"","protected":false},"excerpt":{"rendered":"<p>Experience a collaborative and modern process that ensures a dental product perfectly tailored to your treatment plan.<\/p>\n","protected":false},"author":2,"featured_media":0,"parent":0,"menu_order":7,"comment_status":"closed","ping_status":"open","template":"","meta":{"_acf_changed":false,"footnotes":""},"class_list":["post-817","page","type-page","status-publish","hentry"],"acf":[],"aioseo_notices":[],"aioseo_head":"\n\t\t<!-- All in One SEO Pro 4.9.5.2 - aioseo.com -->\n\t<meta name=\"description\" content=\"Lib\u00e9rez le pouvoir d&#039;un sourire parfait. Faites l&#039;exp\u00e9rience de l&#039;excellence gr\u00e2ce \u00e0 notre laboratoire dentaire de premier ordre, qui propose des solutions et des produits dentaires personnalis\u00e9s et de haute qualit\u00e9.\" \/>\n\t<meta name=\"robots\" content=\"max-image-preview:large\" \/>\n\t<link rel=\"canonical\" href=\"https:\/\/www.lafonddesjardins.com\/en\" \/>\n\t<meta name=\"generator\" content=\"All in One SEO Pro (AIOSEO) 4.9.5.2\" \/>\n\t\t<meta property=\"og:locale\" content=\"en_US\" \/>\n\t\t<meta property=\"og:site_name\" content=\"Laboratoire Dentaire Laval Lafond Desjardins -\" \/>\n\t\t<meta property=\"og:type\" content=\"article\" \/>\n\t\t<meta property=\"og:title\" content=\"Accueil - Lafond Desjardins Laval Laboratoire Dentaire\" \/>\n\t\t<meta property=\"og:description\" content=\"Lib\u00e9rez le pouvoir d&#039;un sourire parfait. Faites l&#039;exp\u00e9rience de l&#039;excellence gr\u00e2ce \u00e0 notre laboratoire dentaire de premier ordre, qui propose des solutions et des produits dentaires personnalis\u00e9s et de haute qualit\u00e9.\" \/>\n\t\t<meta property=\"og:url\" content=\"https:\/\/www.lafonddesjardins.com\/en\" \/>\n\t\t<meta property=\"article:published_time\" content=\"2018-12-19T21:57:23+00:00\" \/>\n\t\t<meta property=\"article:modified_time\" content=\"2026-03-31T20:40:57+00:00\" \/>\n\t\t<meta property=\"article:publisher\" content=\"https:\/\/www.facebook.com\/LafondDesjardins\/\" \/>\n\t\t<meta name=\"twitter:card\" content=\"summary_large_image\" \/>\n\t\t<meta name=\"twitter:title\" content=\"Accueil - Lafond Desjardins Laval Laboratoire Dentaire\" \/>\n\t\t<meta name=\"twitter:description\" content=\"Lib\u00e9rez le pouvoir d&#039;un sourire parfait. Faites l&#039;exp\u00e9rience de l&#039;excellence gr\u00e2ce \u00e0 notre laboratoire dentaire de premier ordre, qui propose des solutions et des produits dentaires personnalis\u00e9s et de haute qualit\u00e9.\" \/>\n\t\t<script type=\"application\/ld+json\" class=\"aioseo-schema\">\n\t\t\t{\"@context\":\"https:\\\/\\\/schema.org\",\"@graph\":[{\"@type\":\"BreadcrumbList\",\"@id\":\"https:\\\/\\\/www.lafonddesjardins.com\\\/en#breadcrumblist\",\"itemListElement\":[{\"@type\":\"ListItem\",\"@id\":\"https:\\\/\\\/www.lafonddesjardins.com\\\/en#listItem\",\"position\":1,\"name\":\"Home\",\"item\":\"https:\\\/\\\/www.lafonddesjardins.com\\\/en\",\"nextItem\":{\"@type\":\"ListItem\",\"@id\":\"https:\\\/\\\/www.lafonddesjardins.com\\\/en#listItem\",\"name\":\"Home\"}},{\"@type\":\"ListItem\",\"@id\":\"https:\\\/\\\/www.lafonddesjardins.com\\\/en#listItem\",\"position\":2,\"name\":\"Home\",\"previousItem\":{\"@type\":\"ListItem\",\"@id\":\"https:\\\/\\\/www.lafonddesjardins.com\\\/en#listItem\",\"name\":\"Home\"}}]},{\"@type\":\"MedicalBusiness\",\"@id\":\"https:\\\/\\\/www.lafonddesjardins.com\\\/en\\\/#localbusiness\",\"name\":\"Laboratoire Dentaire Laval Lafond Desjardins\",\"brand\":{\"@id\":\"https:\\\/\\\/www.lafonddesjardins.com\\\/en\\\/#organization\"},\"url\":\"https:\\\/\\\/www.lafonddesjardins.com\\\/en\\\/\",\"image\":\"https:\\\/\\\/www.lafonddesjardins.com\\\/app\\\/uploads\\\/2022\\\/02\\\/logo-fr.svg\",\"logo\":\"https:\\\/\\\/www.lafonddesjardins.com\\\/en\\\/#logo\",\"address\":{\"@id\":\"https:\\\/\\\/www.lafonddesjardins.com\\\/en\\\/#postaladdress\",\"@type\":\"PostalAddress\",\"streetAddress\":\"1885, boul. Industriel,\",\"postalCode\":\"H7S 1P5\",\"addressLocality\":\"Laval\",\"addressRegion\":\"Quebec\",\"addressCountry\":\"CA\"},\"email\":\"ly@lafonddesjardins.com\",\"telephone\":\"+14506699221\",\"priceRange\":\"$$\",\"currenciesAccepted\":\"USD, CAD, EUR\",\"openingHoursSpecification\":[{\"@type\":\"OpeningHoursSpecification\",\"dayOfWeek\":[\"https:\\\/\\\/schema.org\\\/Monday\"],\"opens\":\"09:00\",\"closes\":\"17:00\"},{\"@type\":\"OpeningHoursSpecification\",\"dayOfWeek\":[\"https:\\\/\\\/schema.org\\\/Tuesday\"],\"opens\":\"09:00\",\"closes\":\"17:00\"},{\"@type\":\"OpeningHoursSpecification\",\"dayOfWeek\":[\"https:\\\/\\\/schema.org\\\/Wednesday\"],\"opens\":\"09:00\",\"closes\":\"17:00\"},{\"@type\":\"OpeningHoursSpecification\",\"dayOfWeek\":[\"https:\\\/\\\/schema.org\\\/Thursday\"],\"opens\":\"09:00\",\"closes\":\"17:00\"},{\"@type\":\"OpeningHoursSpecification\",\"dayOfWeek\":[\"https:\\\/\\\/schema.org\\\/Friday\"],\"opens\":\"09:00\",\"closes\":\"17:00\"},{\"@type\":\"OpeningHoursSpecification\",\"dayOfWeek\":[\"https:\\\/\\\/schema.org\\\/Saturday\"],\"opens\":\"09:00\",\"closes\":\"17:00\"},{\"@type\":\"OpeningHoursSpecification\",\"dayOfWeek\":[\"https:\\\/\\\/schema.org\\\/Sunday\"],\"opens\":\"09:00\",\"closes\":\"17:00\"}],\"location\":{\"@id\":\"https:\\\/\\\/www.lafonddesjardins.com\\\/en\\\/#postaladdress\"}},{\"@type\":\"Organization\",\"@id\":\"https:\\\/\\\/www.lafonddesjardins.com\\\/en\\\/#organization\",\"name\":\"Laboratoire Dentaire Lafond Desjardins\",\"url\":\"https:\\\/\\\/www.lafonddesjardins.com\\\/en\\\/\",\"email\":\"ly@lafonddesjardins.com\",\"telephone\":\"+14506699221\",\"logo\":{\"@type\":\"ImageObject\",\"url\":\"https:\\\/\\\/www.lafonddesjardins.com\\\/app\\\/uploads\\\/2022\\\/02\\\/logo-fr.svg\",\"@id\":\"https:\\\/\\\/www.lafonddesjardins.com\\\/en\\\/#organizationLogo\",\"width\":369,\"height\":103},\"image\":{\"@id\":\"https:\\\/\\\/www.lafonddesjardins.com\\\/en\\\/#organizationLogo\"},\"sameAs\":[\"https:\\\/\\\/www.facebook.com\\\/LafondDesjardins\\\/\",\"https:\\\/\\\/www.instagram.com\\\/lafonddesjardins\\\/\",\"https:\\\/\\\/www.linkedin.com\\\/company\\\/lafond-desjardins-laboratoire-dentaire\"],\"address\":{\"@id\":\"https:\\\/\\\/www.lafonddesjardins.com\\\/en\\\/#postaladdress\",\"@type\":\"PostalAddress\",\"streetAddress\":\"1885, boul. Industriel,\",\"postalCode\":\"H7S 1P5\",\"addressLocality\":\"Laval\",\"addressRegion\":\"Quebec\",\"addressCountry\":\"CA\"}},{\"@type\":\"WebPage\",\"@id\":\"https:\\\/\\\/www.lafonddesjardins.com\\\/en#webpage\",\"url\":\"https:\\\/\\\/www.lafonddesjardins.com\\\/en\",\"name\":\"Accueil - Lafond Desjardins Laval Laboratoire Dentaire\",\"description\":\"Lib\\u00e9rez le pouvoir d'un sourire parfait. Faites l'exp\\u00e9rience de l'excellence gr\\u00e2ce \\u00e0 notre laboratoire dentaire de premier ordre, qui propose des solutions et des produits dentaires personnalis\\u00e9s et de haute qualit\\u00e9.\",\"inLanguage\":\"en-US\",\"isPartOf\":{\"@id\":\"https:\\\/\\\/www.lafonddesjardins.com\\\/en\\\/#website\"},\"breadcrumb\":{\"@id\":\"https:\\\/\\\/www.lafonddesjardins.com\\\/en#breadcrumblist\"},\"datePublished\":\"2018-12-19T21:57:23-05:00\",\"dateModified\":\"2026-03-31T16:40:57-04:00\"},{\"@type\":\"WebSite\",\"@id\":\"https:\\\/\\\/www.lafonddesjardins.com\\\/en\\\/#website\",\"url\":\"https:\\\/\\\/www.lafonddesjardins.com\\\/en\\\/\",\"name\":\"Laboratoire Dentaire Lafond Desjardins\",\"alternateName\":\"Laboratoire Dentaire Lafond Desjardins\",\"inLanguage\":\"en-US\",\"publisher\":{\"@id\":\"https:\\\/\\\/www.lafonddesjardins.com\\\/en\\\/#organization\"}}]}\n\t\t<\/script>\n\t\t<!-- All in One SEO Pro -->\r\n\t\t<title>Accueil - Lafond Desjardins Laval Laboratoire Dentaire<\/title>\n\n","aioseo_head_json":{"title":"Accueil - Lafond Desjardins Laval Laboratoire Dentaire","description":"Lib\u00e9rez le pouvoir d'un sourire parfait. Faites l'exp\u00e9rience de l'excellence gr\u00e2ce \u00e0 notre laboratoire dentaire de premier ordre, qui propose des solutions et des produits dentaires personnalis\u00e9s et de haute qualit\u00e9.","canonical_url":"https:\/\/www.lafonddesjardins.com\/en","robots":"max-image-preview:large","keywords":"","webmasterTools":{"miscellaneous":""},"schema":{"@context":"https:\/\/schema.org","@graph":[{"@type":"BreadcrumbList","@id":"https:\/\/www.lafonddesjardins.com\/en#breadcrumblist","itemListElement":[{"@type":"ListItem","@id":"https:\/\/www.lafonddesjardins.com\/en#listItem","position":1,"name":"Home","item":"https:\/\/www.lafonddesjardins.com\/en","nextItem":{"@type":"ListItem","@id":"https:\/\/www.lafonddesjardins.com\/en#listItem","name":"Home"}},{"@type":"ListItem","@id":"https:\/\/www.lafonddesjardins.com\/en#listItem","position":2,"name":"Home","previousItem":{"@type":"ListItem","@id":"https:\/\/www.lafonddesjardins.com\/en#listItem","name":"Home"}}]},{"@type":"MedicalBusiness","@id":"https:\/\/www.lafonddesjardins.com\/en\/#localbusiness","name":"Laboratoire Dentaire Laval Lafond Desjardins","brand":{"@id":"https:\/\/www.lafonddesjardins.com\/en\/#organization"},"url":"https:\/\/www.lafonddesjardins.com\/en\/","image":"https:\/\/www.lafonddesjardins.com\/app\/uploads\/2022\/02\/logo-fr.svg","logo":"https:\/\/www.lafonddesjardins.com\/en\/#logo","address":{"@id":"https:\/\/www.lafonddesjardins.com\/en\/#postaladdress","@type":"PostalAddress","streetAddress":"1885, boul. Industriel,","postalCode":"H7S 1P5","addressLocality":"Laval","addressRegion":"Quebec","addressCountry":"CA"},"email":"ly@lafonddesjardins.com","telephone":"+14506699221","priceRange":"$$","currenciesAccepted":"USD, CAD, EUR","openingHoursSpecification":[{"@type":"OpeningHoursSpecification","dayOfWeek":["https:\/\/schema.org\/Monday"],"opens":"09:00","closes":"17:00"},{"@type":"OpeningHoursSpecification","dayOfWeek":["https:\/\/schema.org\/Tuesday"],"opens":"09:00","closes":"17:00"},{"@type":"OpeningHoursSpecification","dayOfWeek":["https:\/\/schema.org\/Wednesday"],"opens":"09:00","closes":"17:00"},{"@type":"OpeningHoursSpecification","dayOfWeek":["https:\/\/schema.org\/Thursday"],"opens":"09:00","closes":"17:00"},{"@type":"OpeningHoursSpecification","dayOfWeek":["https:\/\/schema.org\/Friday"],"opens":"09:00","closes":"17:00"},{"@type":"OpeningHoursSpecification","dayOfWeek":["https:\/\/schema.org\/Saturday"],"opens":"09:00","closes":"17:00"},{"@type":"OpeningHoursSpecification","dayOfWeek":["https:\/\/schema.org\/Sunday"],"opens":"09:00","closes":"17:00"}],"location":{"@id":"https:\/\/www.lafonddesjardins.com\/en\/#postaladdress"}},{"@type":"Organization","@id":"https:\/\/www.lafonddesjardins.com\/en\/#organization","name":"Laboratoire Dentaire Lafond Desjardins","url":"https:\/\/www.lafonddesjardins.com\/en\/","email":"ly@lafonddesjardins.com","telephone":"+14506699221","logo":{"@type":"ImageObject","url":"https:\/\/www.lafonddesjardins.com\/app\/uploads\/2022\/02\/logo-fr.svg","@id":"https:\/\/www.lafonddesjardins.com\/en\/#organizationLogo","width":369,"height":103},"image":{"@id":"https:\/\/www.lafonddesjardins.com\/en\/#organizationLogo"},"sameAs":["https:\/\/www.facebook.com\/LafondDesjardins\/","https:\/\/www.instagram.com\/lafonddesjardins\/","https:\/\/www.linkedin.com\/company\/lafond-desjardins-laboratoire-dentaire"],"address":{"@id":"https:\/\/www.lafonddesjardins.com\/en\/#postaladdress","@type":"PostalAddress","streetAddress":"1885, boul. Industriel,","postalCode":"H7S 1P5","addressLocality":"Laval","addressRegion":"Quebec","addressCountry":"CA"}},{"@type":"WebPage","@id":"https:\/\/www.lafonddesjardins.com\/en#webpage","url":"https:\/\/www.lafonddesjardins.com\/en","name":"Accueil - Lafond Desjardins Laval Laboratoire Dentaire","description":"Lib\u00e9rez le pouvoir d'un sourire parfait. Faites l'exp\u00e9rience de l'excellence gr\u00e2ce \u00e0 notre laboratoire dentaire de premier ordre, qui propose des solutions et des produits dentaires personnalis\u00e9s et de haute qualit\u00e9.","inLanguage":"en-US","isPartOf":{"@id":"https:\/\/www.lafonddesjardins.com\/en\/#website"},"breadcrumb":{"@id":"https:\/\/www.lafonddesjardins.com\/en#breadcrumblist"},"datePublished":"2018-12-19T21:57:23-05:00","dateModified":"2026-03-31T16:40:57-04:00"},{"@type":"WebSite","@id":"https:\/\/www.lafonddesjardins.com\/en\/#website","url":"https:\/\/www.lafonddesjardins.com\/en\/","name":"Laboratoire Dentaire Lafond Desjardins","alternateName":"Laboratoire Dentaire Lafond Desjardins","inLanguage":"en-US","publisher":{"@id":"https:\/\/www.lafonddesjardins.com\/en\/#organization"}}]},"og:locale":"en_US","og:site_name":"Laboratoire Dentaire Laval Lafond Desjardins -","og:type":"article","og:title":"Accueil - Lafond Desjardins Laval Laboratoire Dentaire","og:description":"Lib\u00e9rez le pouvoir d'un sourire parfait. Faites l'exp\u00e9rience de l'excellence gr\u00e2ce \u00e0 notre laboratoire dentaire de premier ordre, qui propose des solutions et des produits dentaires personnalis\u00e9s et de haute qualit\u00e9.","og:url":"https:\/\/www.lafonddesjardins.com\/en","article:published_time":"2018-12-19T21:57:23+00:00","article:modified_time":"2026-03-31T20:40:57+00:00","article:publisher":"https:\/\/www.facebook.com\/LafondDesjardins\/","twitter:card":"summary_large_image","twitter:title":"Accueil - Lafond Desjardins Laval Laboratoire Dentaire","twitter:description":"Lib\u00e9rez le pouvoir d'un sourire parfait. Faites l'exp\u00e9rience de l'excellence gr\u00e2ce \u00e0 notre laboratoire dentaire de premier ordre, qui propose des solutions et des produits dentaires personnalis\u00e9s et de haute qualit\u00e9."},"aioseo_meta_data":{"post_id":"817","title":"Accueil - Lafond Desjardins Laval Laboratoire Dentaire","description":"Lib\u00e9rez le pouvoir d'un sourire parfait. Faites l'exp\u00e9rience de l'excellence gr\u00e2ce \u00e0 notre laboratoire dentaire de premier ordre, qui propose des solutions et des produits dentaires personnalis\u00e9s et de haute qualit\u00e9.","keywords":null,"keyphrases":{"focus":{"keyphrase":"","score":0,"analysis":{"keyphraseInTitle":{"score":0,"maxScore":9,"error":1}}},"additional":[]},"primary_term":null,"canonical_url":null,"og_title":null,"og_description":null,"og_object_type":"default","og_image_type":"default","og_image_url":null,"og_image_width":null,"og_image_height":null,"og_image_custom_url":null,"og_image_custom_fields":null,"og_video":"","og_custom_url":null,"og_article_section":null,"og_article_tags":null,"twitter_use_og":false,"twitter_card":"default","twitter_image_type":"default","twitter_image_url":null,"twitter_image_custom_url":null,"twitter_image_custom_fields":null,"twitter_title":null,"twitter_description":null,"schema":{"blockGraphs":[],"customGraphs":[],"default":{"data":{"Article":[],"Course":[],"Dataset":[],"FAQPage":[],"Movie":[],"Person":[],"Product":[],"ProductReview":[],"Car":[],"Recipe":[],"Service":[],"SoftwareApplication":[],"WebPage":[]},"graphName":"WebPage","isEnabled":true},"graphs":[]},"schema_type":"default","schema_type_options":null,"pillar_content":false,"robots_default":true,"robots_noindex":false,"robots_noarchive":false,"robots_nosnippet":false,"robots_nofollow":false,"robots_noimageindex":false,"robots_noodp":false,"robots_notranslate":false,"robots_max_snippet":"-1","robots_max_videopreview":"-1","robots_max_imagepreview":"large","priority":null,"frequency":"default","local_seo":null,"seo_analyzer_scan_date":"2026-03-31 23:25:57","breadcrumb_settings":null,"limit_modified_date":false,"open_ai":null,"ai":{"faqs":[],"keyPoints":[],"titles":[],"descriptions":[],"socialPosts":{"email":[],"linkedin":[],"twitter":[],"facebook":[],"instagram":[]}},"created":"2023-06-16 01:31:06","updated":"2026-03-31 23:27:57"},"aioseo_breadcrumb":"<div class=\"aioseo-breadcrumbs\"><span class=\"aioseo-breadcrumb\">\n\t<a href=\"https:\/\/www.lafonddesjardins.com\/en\" title=\"Home\">Home<\/a>\n<\/span><span class=\"aioseo-breadcrumb-separator\">\u203a<\/span><span class=\"aioseo-breadcrumb\">\n\tHome\n<\/span><\/div>","aioseo_breadcrumb_json":[{"label":"Home","link":"https:\/\/www.lafonddesjardins.com\/en"},{"label":"Home","link":"https:\/\/www.lafonddesjardins.com\/en"}],"_links":{"self":[{"href":"https:\/\/www.lafonddesjardins.com\/en\/wp-json\/wp\/v2\/pages\/817","targetHints":{"allow":["GET"]}}],"collection":[{"href":"https:\/\/www.lafonddesjardins.com\/en\/wp-json\/wp\/v2\/pages"}],"about":[{"href":"https:\/\/www.lafonddesjardins.com\/en\/wp-json\/wp\/v2\/types\/page"}],"author":[{"embeddable":true,"href":"https:\/\/www.lafonddesjardins.com\/en\/wp-json\/wp\/v2\/users\/2"}],"replies":[{"embeddable":true,"href":"https:\/\/www.lafonddesjardins.com\/en\/wp-json\/wp\/v2\/comments?post=817"}],"version-history":[{"count":0,"href":"https:\/\/www.lafonddesjardins.com\/en\/wp-json\/wp\/v2\/pages\/817\/revisions"}],"wp:attachment":[{"href":"https:\/\/www.lafonddesjardins.com\/en\/wp-json\/wp\/v2\/media?parent=817"}],"curies":[{"name":"wp","href":"https:\/\/api.w.org\/{rel}","templated":true}]}}